{"id":2986,"date":"2024-05-03T09:41:08","date_gmt":"2024-05-03T07:41:08","guid":{"rendered":"https:\/\/www.santandreualcudia.com\/?page_id=2986"},"modified":"2024-07-01T11:20:38","modified_gmt":"2024-07-01T09:20:38","slug":"404-2","status":"publish","type":"page","link":"https:\/\/www.santandreualcudia.com\/val\/404-2\/","title":{"rendered":"404"},"content":{"rendered":"\t\t<div data-elementor-type=\"wp-page\" data-elementor-id=\"2986\" class=\"elementor elementor-2986\">\n\t\t\t\t\t\t<section class=\"elementor-section elementor-top-section elementor-element elementor-element-645f508 elementor-section-content-middle elementor-section-boxed elementor-section-height-default elementor-section-height-default\" data-id=\"645f508\" data-element_type=\"section\" data-e-type=\"section\">\n\t\t\t\t\t\t<div class=\"elementor-container elementor-column-gap-default\">\n\t\t\t\t\t<div class=\"elementor-column elementor-col-50 elementor-top-column elementor-element elementor-element-349c95d\" data-id=\"349c95d\" data-element_type=\"column\" data-e-type=\"column\">\n\t\t\t<div class=\"elementor-widget-wrap elementor-element-populated\">\n\t\t\t\t\t\t<div class=\"elementor-element elementor-element-fc13914 elementor-widget elementor-widget-heading\" data-id=\"fc13914\" data-element_type=\"widget\" data-e-type=\"widget\" data-widget_type=\"heading.default\">\n\t\t\t\t<div class=\"elementor-widget-container\">\n\t\t\t\t\t<h1 class=\"elementor-heading-title elementor-size-default\">P\u00e0gina no trobada<\/h1>\t\t\t\t<\/div>\n\t\t\t\t<\/div>\n\t\t\t\t<div class=\"elementor-element elementor-element-c67cd49 elementor-widget elementor-widget-text-editor\" data-id=\"c67cd49\" data-element_type=\"widget\" data-e-type=\"widget\" data-widget_type=\"text-editor.default\">\n\t\t\t\t<div class=\"elementor-widget-container\">\n\t\t\t\t\t\t\t\t\t<p>Sembla que no hi ha res en esta direcci\u00f3.<\/p>\t\t\t\t\t\t\t\t<\/div>\n\t\t\t\t<\/div>\n\t\t\t\t<div class=\"elementor-element elementor-element-fb7844b elementor-align-center elementor-widget elementor-widget-button\" data-id=\"fb7844b\" data-element_type=\"widget\" data-e-type=\"widget\" data-widget_type=\"button.default\">\n\t\t\t\t<div class=\"elementor-widget-container\">\n\t\t\t\t\t\t\t\t\t<div class=\"elementor-button-wrapper\">\n\t\t\t\t\t<a class=\"elementor-button elementor-button-link elementor-size-sm\" href=\"\/inicio\">\n\t\t\t\t\t\t<span class=\"elementor-button-content-wrapper\">\n\t\t\t\t\t\t\t\t\t<span class=\"elementor-button-text\">tornar a inici<\/span>\n\t\t\t\t\t<\/span>\n\t\t\t\t\t<\/a>\n\t\t\t\t<\/div>\n\t\t\t\t\t\t\t\t<\/div>\n\t\t\t\t<\/div>\n\t\t\t\t\t<\/div>\n\t\t<\/div>\n\t\t\t\t<div class=\"elementor-column elementor-col-50 elementor-top-column elementor-element elementor-element-211324c\" data-id=\"211324c\" data-element_type=\"column\" data-e-type=\"column\">\n\t\t\t<div class=\"elementor-widget-wrap elementor-element-populated\">\n\t\t\t\t\t\t<div class=\"elementor-element elementor-element-5de1054 elementor-widget elementor-widget-image\" data-id=\"5de1054\" data-element_type=\"widget\" data-e-type=\"widget\" data-widget_type=\"image.default\">\n\t\t\t\t<div class=\"elementor-widget-container\">\n\t\t\t\t\t\t\t\t\t\t\t\t\t\t\t<img fetchpriority=\"high\" width=\"312\" height=\"542\" src=\"https:\/\/www.santandreualcudia.com\/wp-content\/uploads\/2024\/05\/404.png\" class=\"attachment-large size-large wp-image-2988\" alt=\"error 404\" srcset=\"https:\/\/www.santandreualcudia.com\/wp-content\/uploads\/2024\/05\/404.png 312w, https:\/\/www.santandreualcudia.com\/wp-content\/uploads\/2024\/05\/404-173x300.png 173w\" sizes=\"(max-width: 312px) 100vw, 312px\" \/>\t\t\t\t\t\t\t\t\t\t\t\t\t\t\t<\/div>\n\t\t\t\t<\/div>\n\t\t\t\t\t<\/div>\n\t\t<\/div>\n\t\t\t\t\t<\/div>\n\t\t<\/section>\n\t\t\t\t<\/div>\n\t\t","protected":false},"excerpt":{"rendered":"<p>P\u00e0gina no trobada Sembla que no hi ha res en esta direcci\u00f3. tornar a inici<\/p>\n","protected":false},"author":1,"featured_media":0,"parent":0,"menu_order":0,"comment_status":"closed","ping_status":"closed","template":"elementor_header_footer","meta":{"footnotes":""},"class_list":["post-2986","page","type-page","status-publish"],"yoast_head":"<!-- This site is optimized with the Yoast SEO plugin v27.2 - https:\/\/yoast.com\/product\/yoast-seo-wordpress\/ -->\n<title>404 | Parr\u00f2quia Sant Andreu Ap\u00f2stol<\/title>\n<meta name=\"robots\" content=\"index, follow, max-snippet:-1, max-image-preview:large, max-video-preview:-1\" \/>\n<link rel=\"canonical\" href=\"https:\/\/www.santandreualcudia.com\/404-2\/\" \/>\n<meta property=\"og:locale\" content=\"en_US\" \/>\n<meta property=\"og:type\" content=\"article\" \/>\n<meta property=\"og:title\" content=\"404 | Parr\u00f2quia Sant Andreu Ap\u00f2stol\" \/>\n<meta property=\"og:description\" content=\"P\u00e0gina no trobada Sembla que no hi ha res en esta direcci\u00f3. tornar a inici\" \/>\n<meta property=\"og:url\" content=\"https:\/\/www.santandreualcudia.com\/404-2\/\" \/>\n<meta property=\"og:site_name\" content=\"Parr\u00f2quia Sant Andreu Ap\u00f2stol\" \/>\n<meta property=\"article:modified_time\" content=\"2024-07-01T09:20:38+00:00\" \/>\n<meta property=\"og:image\" content=\"https:\/\/www.santandreualcudia.com\/wp-content\/uploads\/2024\/05\/404.png\" \/>\n<meta name=\"twitter:card\" content=\"summary_large_image\" \/>\n<meta name=\"twitter:label1\" content=\"Est. reading time\" \/>\n\t<meta name=\"twitter:data1\" content=\"1 minute\" \/>\n<script type=\"application\/ld+json\" class=\"yoast-schema-graph\">{\"@context\":\"https:\/\/schema.org\",\"@graph\":[{\"@type\":\"WebPage\",\"@id\":\"https:\/\/www.santandreualcudia.com\/404-2\/\",\"url\":\"https:\/\/www.santandreualcudia.com\/404-2\/\",\"name\":\"404 | Parr\u00f2quia Sant Andreu Ap\u00f2stol\",\"isPartOf\":{\"@id\":\"https:\/\/www.santandreualcudia.com\/#website\"},\"primaryImageOfPage\":{\"@id\":\"https:\/\/www.santandreualcudia.com\/404-2\/#primaryimage\"},\"image\":{\"@id\":\"https:\/\/www.santandreualcudia.com\/404-2\/#primaryimage\"},\"thumbnailUrl\":\"https:\/\/www.santandreualcudia.com\/wp-content\/uploads\/2024\/05\/404.png\",\"datePublished\":\"2024-05-03T07:41:08+00:00\",\"dateModified\":\"2024-07-01T09:20:38+00:00\",\"breadcrumb\":{\"@id\":\"https:\/\/www.santandreualcudia.com\/404-2\/#breadcrumb\"},\"inLanguage\":\"cat-val\",\"potentialAction\":[{\"@type\":\"ReadAction\",\"target\":[\"https:\/\/www.santandreualcudia.com\/404-2\/\"]}]},{\"@type\":\"ImageObject\",\"inLanguage\":\"cat-val\",\"@id\":\"https:\/\/www.santandreualcudia.com\/404-2\/#primaryimage\",\"url\":\"https:\/\/www.santandreualcudia.com\/wp-content\/uploads\/2024\/05\/404.png\",\"contentUrl\":\"https:\/\/www.santandreualcudia.com\/wp-content\/uploads\/2024\/05\/404.png\"},{\"@type\":\"BreadcrumbList\",\"@id\":\"https:\/\/www.santandreualcudia.com\/404-2\/#breadcrumb\",\"itemListElement\":[{\"@type\":\"ListItem\",\"position\":1,\"name\":\"Portada\",\"item\":\"https:\/\/www.santandreualcudia.com\/val\/\"},{\"@type\":\"ListItem\",\"position\":2,\"name\":\"404\"}]},{\"@type\":\"WebSite\",\"@id\":\"https:\/\/www.santandreualcudia.com\/#website\",\"url\":\"https:\/\/www.santandreualcudia.com\/\",\"name\":\"Parr\u00f2quia Sant Andreu Ap\u00f2stol\",\"description\":\"L&#039;Alcudia\",\"potentialAction\":[{\"@type\":\"SearchAction\",\"target\":{\"@type\":\"EntryPoint\",\"urlTemplate\":\"https:\/\/www.santandreualcudia.com\/?s={search_term_string}\"},\"query-input\":{\"@type\":\"PropertyValueSpecification\",\"valueRequired\":true,\"valueName\":\"search_term_string\"}}],\"inLanguage\":\"cat-val\"}]}<\/script>\n<!-- \/ Yoast SEO plugin. -->","yoast_head_json":{"title":"404 | Parr\u00f2quia Sant Andreu Ap\u00f2stol","robots":{"index":"index","follow":"follow","max-snippet":"max-snippet:-1","max-image-preview":"max-image-preview:large","max-video-preview":"max-video-preview:-1"},"canonical":"https:\/\/www.santandreualcudia.com\/404-2\/","og_locale":"en_US","og_type":"article","og_title":"404 | Parr\u00f2quia Sant Andreu Ap\u00f2stol","og_description":"P\u00e0gina no trobada Sembla que no hi ha res en esta direcci\u00f3. tornar a inici","og_url":"https:\/\/www.santandreualcudia.com\/404-2\/","og_site_name":"Parr\u00f2quia Sant Andreu Ap\u00f2stol","article_modified_time":"2024-07-01T09:20:38+00:00","og_image":[{"url":"https:\/\/www.santandreualcudia.com\/wp-content\/uploads\/2024\/05\/404.png","type":"","width":"","height":""}],"twitter_card":"summary_large_image","twitter_misc":{"Est. reading time":"1 minute"},"schema":{"@context":"https:\/\/schema.org","@graph":[{"@type":"WebPage","@id":"https:\/\/www.santandreualcudia.com\/404-2\/","url":"https:\/\/www.santandreualcudia.com\/404-2\/","name":"404 | Parr\u00f2quia Sant Andreu Ap\u00f2stol","isPartOf":{"@id":"https:\/\/www.santandreualcudia.com\/#website"},"primaryImageOfPage":{"@id":"https:\/\/www.santandreualcudia.com\/404-2\/#primaryimage"},"image":{"@id":"https:\/\/www.santandreualcudia.com\/404-2\/#primaryimage"},"thumbnailUrl":"https:\/\/www.santandreualcudia.com\/wp-content\/uploads\/2024\/05\/404.png","datePublished":"2024-05-03T07:41:08+00:00","dateModified":"2024-07-01T09:20:38+00:00","breadcrumb":{"@id":"https:\/\/www.santandreualcudia.com\/404-2\/#breadcrumb"},"inLanguage":"cat-val","potentialAction":[{"@type":"ReadAction","target":["https:\/\/www.santandreualcudia.com\/404-2\/"]}]},{"@type":"ImageObject","inLanguage":"cat-val","@id":"https:\/\/www.santandreualcudia.com\/404-2\/#primaryimage","url":"https:\/\/www.santandreualcudia.com\/wp-content\/uploads\/2024\/05\/404.png","contentUrl":"https:\/\/www.santandreualcudia.com\/wp-content\/uploads\/2024\/05\/404.png"},{"@type":"BreadcrumbList","@id":"https:\/\/www.santandreualcudia.com\/404-2\/#breadcrumb","itemListElement":[{"@type":"ListItem","position":1,"name":"Portada","item":"https:\/\/www.santandreualcudia.com\/val\/"},{"@type":"ListItem","position":2,"name":"404"}]},{"@type":"WebSite","@id":"https:\/\/www.santandreualcudia.com\/#website","url":"https:\/\/www.santandreualcudia.com\/","name":"Parr\u00f2quia Sant Andreu Ap\u00f2stol","description":"L&#039;Alcudia","potentialAction":[{"@type":"SearchAction","target":{"@type":"EntryPoint","urlTemplate":"https:\/\/www.santandreualcudia.com\/?s={search_term_string}"},"query-input":{"@type":"PropertyValueSpecification","valueRequired":true,"valueName":"search_term_string"}}],"inLanguage":"cat-val"}]}},"_links":{"self":[{"href":"https:\/\/www.santandreualcudia.com\/val\/wp-json\/wp\/v2\/pages\/2986","targetHints":{"allow":["GET"]}}],"collection":[{"href":"https:\/\/www.santandreualcudia.com\/val\/wp-json\/wp\/v2\/pages"}],"about":[{"href":"https:\/\/www.santandreualcudia.com\/val\/wp-json\/wp\/v2\/types\/page"}],"author":[{"embeddable":true,"href":"https:\/\/www.santandreualcudia.com\/val\/wp-json\/wp\/v2\/users\/1"}],"replies":[{"embeddable":true,"href":"https:\/\/www.santandreualcudia.com\/val\/wp-json\/wp\/v2\/comments?post=2986"}],"version-history":[{"count":23,"href":"https:\/\/www.santandreualcudia.com\/val\/wp-json\/wp\/v2\/pages\/2986\/revisions"}],"predecessor-version":[{"id":3218,"href":"https:\/\/www.santandreualcudia.com\/val\/wp-json\/wp\/v2\/pages\/2986\/revisions\/3218"}],"wp:attachment":[{"href":"https:\/\/www.santandreualcudia.com\/val\/wp-json\/wp\/v2\/media?parent=2986"}],"curies":[{"name":"wp","href":"https:\/\/api.w.org\/{rel}","templated":true}]}}